{"id":79,"date":"2018-07-02T11:32:14","date_gmt":"2018-07-02T11:32:14","guid":{"rendered":"https:\/\/www.itaka.si\/home\/"},"modified":"2024-07-31T13:06:53","modified_gmt":"2024-07-31T13:06:53","slug":"domov","status":"publish","type":"page","link":"https:\/\/www.itaka.si\/en\/","title":{"rendered":"HOME"},"content":{"rendered":"<div class=\"image_frame image_item no_link scale-with-grid no_border\" ><div class=\"image_wrapper \"><img loading=\"lazy\" decoding=\"async\" width=\"55\" height=\"54\" src=\"https:\/\/www.itaka.si\/wp-content\/uploads\/2018\/07\/home_translator_icon_home_1_new-brez-1.png\" class=\"scale-with-grid\" alt=\"storitev 1\" style=\"\" srcset=\"https:\/\/www.itaka.si\/wp-content\/uploads\/2018\/07\/home_translator_icon_home_1_new-brez-1.png 55w, https:\/\/www.itaka.si\/wp-content\/uploads\/2018\/07\/home_translator_icon_home_1_new-brez-1-50x50.png 50w\" sizes=\"(max-width:767px) 55px, 55px\" \/><\/div><\/div>\n\n<hr class=\"no_line\" style=\"margin: 0 auto 15px auto\"\/>\n\n<h4>Business<br \/>\nEnglish<\/h4>\n<p style=\"color: #9baebb;\">We offer one-to-one and group workshops of Business English, with emphasis on business presentations, meetings and negotiations.<\/p>\n<p>&nbsp;<\/p>\n<p>40px 30px<\/p>\n<p>#ffffff<\/p>\n<p>#e4ecee<\/p>\n<p>#e4ecee<\/p>\n<p>#0069a6<\/p>\n<p>2px<\/p>\n<p><a href=\"\/?page_id=396\">https:\/\/www.itaka.si\/en\/services\/business-english\/<\/a><\/p>\n<div class=\"image_frame image_item no_link scale-with-grid no_border\" ><div class=\"image_wrapper \"><img loading=\"lazy\" decoding=\"async\" width=\"55\" height=\"54\" src=\"https:\/\/www.itaka.si\/wp-content\/uploads\/2018\/07\/home_translator_icon_home_2_new.png\" class=\"scale-with-grid\" alt=\"storitev 2\" style=\"\" srcset=\"https:\/\/www.itaka.si\/wp-content\/uploads\/2018\/07\/home_translator_icon_home_2_new.png 55w, https:\/\/www.itaka.si\/wp-content\/uploads\/2018\/07\/home_translator_icon_home_2_new-50x50.png 50w\" sizes=\"(max-width:767px) 55px, 55px\" \/><\/div><\/div>\n\n<hr class=\"no_line\" style=\"margin: 0 auto 15px auto\"\/>\n\n<h4>Translation<br \/>\nservices<\/h4>\n<p style=\"color: #9baebb;\">Our team of translators delivers certified and official translations of your general, legal or technical texts within the agreed deadlines and to high professional standards.<\/p>\n<p>&nbsp;<\/p>\n<p>40px 30px<\/p>\n<p>#ffffff<\/p>\n<p>#e4ecee<\/p>\n<p>#e4ecee<\/p>\n<p>#0069a6<\/p>\n<p>2px<\/p>\n<p><a href=\"\/?page_id=398\">https:\/\/www.itaka.si\/en\/services\/translation-services\/<\/a><\/p>\n<div class=\"image_frame image_item no_link scale-with-grid no_border\" ><div class=\"image_wrapper \"><img loading=\"lazy\" decoding=\"async\" width=\"55\" height=\"54\" src=\"https:\/\/www.itaka.si\/wp-content\/uploads\/2018\/07\/home_translator_icon_home_3_new.png\" class=\"scale-with-grid\" alt=\"storitev 3\" style=\"\" srcset=\"https:\/\/www.itaka.si\/wp-content\/uploads\/2018\/07\/home_translator_icon_home_3_new.png 55w, https:\/\/www.itaka.si\/wp-content\/uploads\/2018\/07\/home_translator_icon_home_3_new-50x50.png 50w\" sizes=\"(max-width:767px) 55px, 55px\" \/><\/div><\/div>\n\n<hr class=\"no_line\" style=\"margin: 0 auto 15px auto\"\/>\n\n<h4>Language courses<br \/>\nand tutorials<\/h4>\n<p style=\"color: #9baebb;\">Language courses and tutorials are intended for all who think that English is not made you and you are not made for English. Improve your grades and build your confidence.<\/p>\n<p>40px 30px<\/p>\n<p>#ffffff<\/p>\n<p>#e4ecee<\/p>\n<p>#e4ecee<\/p>\n<p>#0069a6<\/p>\n<p>2px<\/p>\n<p><a href=\"\/?page_id=397\">https:\/\/www.itaka.si\/en\/services\/language-courses-and-tutorials\/<\/a><\/p>\n<div class=\"image_frame image_item no_link scale-with-grid no_border\" ><div class=\"image_wrapper \"><img loading=\"lazy\" decoding=\"async\" width=\"55\" height=\"54\" src=\"https:\/\/www.itaka.si\/wp-content\/uploads\/2018\/07\/home_translator_icon_home_4_new.png\" class=\"scale-with-grid\" alt=\"storitev 4\" style=\"\" srcset=\"https:\/\/www.itaka.si\/wp-content\/uploads\/2018\/07\/home_translator_icon_home_4_new.png 55w, https:\/\/www.itaka.si\/wp-content\/uploads\/2018\/07\/home_translator_icon_home_4_new-50x50.png 50w\" sizes=\"(max-width:767px) 55px, 55px\" \/><\/div><\/div>\n\n<hr class=\"no_line\" style=\"margin: 0 auto 15px auto\"\/>\n\n<h4>Symbolic<br \/>\nwedding ceremonies<\/h4>\n<p style=\"color: #9baebb;\">The power of love as the inspiration for personalised vow renewal and symbolic wedding ceremony speeches.<\/p>\n<p>&nbsp;<\/p>\n<p>40px 30px<\/p>\n<p>#ffffff<\/p>\n<p>#e4ecee<\/p>\n<p>#e4ecee<\/p>\n<p>#0069a6<\/p>\n<p>2px<\/p>\n<p><a href=\"\/?page_id=399\">https:\/\/www.itaka.si\/en\/services\/symbolic-wedding-ceremonies\/<\/a><\/p>\n<div class=\"image_frame image_item no_link scale-with-grid alignnone no_border\" ><div class=\"image_wrapper \"><img loading=\"lazy\" decoding=\"async\" width=\"151\" height=\"8\" src=\"https:\/\/www.itaka.si\/wp-content\/uploads\/2018\/07\/home_translator_hr_new.png\" class=\"scale-with-grid\" alt=\"\" style=\"\" srcset=\"https:\/\/www.itaka.si\/wp-content\/uploads\/2018\/07\/home_translator_hr_new.png 151w, https:\/\/www.itaka.si\/wp-content\/uploads\/2018\/07\/home_translator_hr_new-150x8.png 150w, https:\/\/www.itaka.si\/wp-content\/uploads\/2018\/07\/home_translator_hr_new-50x3.png 50w\" sizes=\"(max-width:767px) 151px, 151px\" \/><\/div><\/div>\n\n<hr class=\"no_line\" style=\"margin: 0 auto 15px auto\"\/>\n\n<h1><b>ITAKA<\/b><br \/>\nis an oasis of excellence and a haven for linguistic connoisseurs and untiring explorers of the land of knowledge.<\/h1>\n<p>no-repeat;left top;;<\/p>\n<p>auto<\/p>\n<hr class=\"no_line\" style=\"margin: 0 auto 55px auto\"\/>\n\n<div class=\"counter counter_horizontal animate-math\"><div class=\"icon_wrapper\"><img loading=\"lazy\" decoding=\"async\" class=\"scale-with-grid\" src=\"https:\/\/www.itaka.si\/wp-content\/uploads\/2018\/07\/home_translator_icon_num_1_new.png\" alt=\"24 let izku\u0161enj pou\u010devanja angle\u0161\u010dine\" width=\"110\" height=\"106\"\/><\/div><div class=\"desc_wrapper\"><div class=\"number-wrapper\"><span class=\"number\" data-to=\"15300\"  >15300<\/span><\/div><p class=\"title \">translated pages<\/p><\/div><\/div>\n\n<hr class=\"no_line\" style=\"margin: 0 auto 40px auto\"\/>\n\n<div class=\"counter counter_horizontal animate-math\"><div class=\"icon_wrapper\"><img loading=\"lazy\" decoding=\"async\" class=\"scale-with-grid\" src=\"https:\/\/www.itaka.si\/wp-content\/uploads\/2018\/07\/home_translator_icon_num_2_new.png\" alt=\"500 zadovoljnih strank\" width=\"110\" height=\"106\"\/><\/div><div class=\"desc_wrapper\"><div class=\"number-wrapper\"><span class=\"number\" data-to=\"500\"  >500<\/span><\/div><p class=\"title \">satisfied customers<\/p><\/div><\/div>\n\n<hr class=\"no_line\" style=\"margin: 0 auto 40px auto\"\/>\n\n<div class=\"counter counter_horizontal animate-math\"><div class=\"icon_wrapper\"><img loading=\"lazy\" decoding=\"async\" class=\"scale-with-grid\" src=\"https:\/\/www.itaka.si\/wp-content\/uploads\/2018\/07\/home_translator_icon_num_3_new.png\" alt=\"15300 strani prevodov v angle\u0161\u010dini\" width=\"110\" height=\"106\"\/><\/div><div class=\"desc_wrapper\"><div class=\"number-wrapper\"><span class=\"number\" data-to=\"24\"  >24<\/span><\/div><p class=\"title \">years of experience<\/p><\/div><\/div>\n\n<hr class=\"no_line\" style=\"margin: 0 auto 40px auto\"\/>\n\n<img decoding=\"async\" class=\"scale-with-grid\" src=\"https:\/\/www.itaka.si\/wp-content\/uploads\/2018\/09\/bni1.png\" \/><\/p>\n<p>no-repeat;left top;;<\/p>\n<p>auto<\/p>\n<h3>ABOUT ME<\/h3>\n<p class=\"big\">I teach because as a full-time translator I would miss working with people; I translate because it forces me to keep pushing the boundaries of my knowledge.<\/p>\n<p class=\"big\" style=\"margin-bottom: 10px;\">I believe in dynamic, practical, tailor-made courses that will upgrade your language skills and help you overcome that &#8216;fear of speaking&#8217; or that &#8216;I will never learn that&#8217; belief that is long overdue.<\/p>\n<p class=\"big\" style=\"margin-bottom: 10px;\">My translation clients often say that have found what they have been looking for, their &#8216;Ithaca&#8217;: a translator who delivers timely, accurate and linguistically flawless translations of legal, technical or general texts and official documents.<\/p>\n<p class=\"big\" style=\"margin-bottom: 10px;\">And what do I do with the energy and time left after all the teaching and translations? I conduct symbolic wedding ceremonies and vow renewals and act as interpreter at wedding events.<\/p>\n<a class=\"mfn-link mfn-link-4 \" href=\"http:\/\/demo-itaka.eu\/en\/about-us\/\" style=\"\" data-hover=\"MORE\"   ><span data-hover=\"MORE\">MORE<\/span><\/a>\n<p>no-repeat;left top;;<\/p>\n<p>auto<\/p>\n<p><img decoding=\"async\" src=\"https:\/\/www.itaka.si\/wp-content\/uploads\/2018\/10\/Darja-Pretnar-1.jpg\" alt=\"Darja Pretnar 1\" \/><\/p>\n<p>55<\/p>\n<hr class=\"no_line\" style=\"margin: 0 auto 70px auto\"\/>\n\n<div class=\"image_frame image_item no_link scale-with-grid alignnone no_border\" ><div class=\"image_wrapper \"><img loading=\"lazy\" decoding=\"async\" width=\"151\" height=\"8\" src=\"https:\/\/www.itaka.si\/wp-content\/uploads\/2018\/07\/home_translator_hr_2_new.png\" class=\"scale-with-grid\" alt=\"\" style=\"\" srcset=\"https:\/\/www.itaka.si\/wp-content\/uploads\/2018\/07\/home_translator_hr_2_new.png 151w, https:\/\/www.itaka.si\/wp-content\/uploads\/2018\/07\/home_translator_hr_2_new-150x8.png 150w, https:\/\/www.itaka.si\/wp-content\/uploads\/2018\/07\/home_translator_hr_2_new-50x3.png 50w\" sizes=\"(max-width:767px) 151px, 151px\" \/><\/div><\/div>\n\n<hr class=\"no_line\" style=\"margin: 0 auto 20px auto\"\/>\n\n<h2 style=\"color: #fff;\">Looking for<br \/>\na language course<br \/>\nor need a translation?<\/h2>\n<hr class=\"no_line\" style=\"margin: 0 auto 40px auto\"\/>\n\n<a class=\"button  button_size_2 button_stroke_custom\" href=\"http:\/\/demo-itaka.eu\/en\/contact\/\"     style=\"border-color:#0069a6!important;color:#ffffff;\" target=\"_blank\"    title=\"\"><span class=\"button_label\">SEND AN INQUIRY<\/span><\/a>\n\n<p>center<\/p>\n<p>no-repeat;left top;;<\/p>\n<p>auto<\/p>\n","protected":false},"excerpt":{"rendered":"<p>Business English We offer one-to-one and group workshops of Business English, with emphasis on business presentations, meetings and negotiations. &nbsp; 40px 30px #ffffff #e4ecee #e4ecee #0069a6<span class=\"excerpt-hellip\"> [\u2026]<\/span><\/p>\n","protected":false},"author":1,"featured_media":0,"parent":0,"menu_order":0,"comment_status":"open","ping_status":"open","template":"","meta":{"footnotes":""},"class_list":["post-79","page","type-page","status-publish","hentry"],"_links":{"self":[{"href":"https:\/\/www.itaka.si\/en\/wp-json\/wp\/v2\/pages\/79"}],"collection":[{"href":"https:\/\/www.itaka.si\/en\/wp-json\/wp\/v2\/pages"}],"about":[{"href":"https:\/\/www.itaka.si\/en\/wp-json\/wp\/v2\/types\/page"}],"author":[{"embeddable":true,"href":"https:\/\/www.itaka.si\/en\/wp-json\/wp\/v2\/users\/1"}],"replies":[{"embeddable":true,"href":"https:\/\/www.itaka.si\/en\/wp-json\/wp\/v2\/comments?post=79"}],"version-history":[{"count":9,"href":"https:\/\/www.itaka.si\/en\/wp-json\/wp\/v2\/pages\/79\/revisions"}],"predecessor-version":[{"id":761,"href":"https:\/\/www.itaka.si\/en\/wp-json\/wp\/v2\/pages\/79\/revisions\/761"}],"wp:attachment":[{"href":"https:\/\/www.itaka.si\/en\/wp-json\/wp\/v2\/media?parent=79"}],"curies":[{"name":"wp","href":"https:\/\/api.w.org\/{rel}","templated":true}]}}